{"id":7354,"date":"2022-04-05T08:08:55","date_gmt":"2022-04-05T05:08:55","guid":{"rendered":"https:\/\/hansamatrix.com\/for-suppliers\/"},"modified":"2025-09-05T10:43:51","modified_gmt":"2025-09-05T07:43:51","slug":"for-leverantorer","status":"publish","type":"page","link":"https:\/\/hansamatrix.com\/sv\/for-leverantorer\/","title":{"rendered":"F\u00f6r leverant\u00f6rer"},"content":{"rendered":"            <div id=\"\" class=\"js-nav-block margin-none \">\r\n            \r\n\r\n\r\n<div class=\"header-block\">\r\n    <div class=\"header-c\">\r\n        <div class=\"js-container-p5-header container-5p\" data-img-src=\"https:\/\/hansamatrix.com\/wp-content\/uploads\/2022\/04\/logo.jpg\"><\/div>\r\n        <div class=\"wrap max-width wrap-resp\">\r\n            <div class=\"header-row\">\r\n                <div class=\"header-title-col\">\r\n                    <h3>\r\n                        <div class=\"num\">04<\/div>\r\n                    <\/h3>\r\n                    <h1>\r\n                        Vill du bli v\u00e5r leverant\u00f6r?                    <\/h1>\r\n                <\/div>\r\n                <div class=\"links-col\">\r\n                    <div class=\"links\">\r\n                                                    <a class=\"\" href=\"#samarbetsvillkor\">\r\n                                Samarbetsvillkor f\u00f6r leverant\u00f6rer                                <svg width=\"24\" height=\"24\" viewBox=\"0 0 24 24\" fill=\"none\" xmlns=\"http:\/\/www.w3.org\/2000\/svg\">\r\n                                    <path fill-rule=\"evenodd\" clip-rule=\"evenodd\" d=\"M6 3L6 5L12.9899 5L12.9899 16.172L10.4283 13.636L9 15.05L14 20L19 15.05L17.5717 13.636L15.0101 16.172L15.0101 3L15 3L12.9899 3L6 3Z\" fill=\"#030303\"\/>\r\n                                <\/svg>\r\n                            <\/a>\r\n                                                    <a class=\"\" href=\"#bli-v\u00e5r-leverant\u00f6r\">\r\n                                BLI V\u00c5R LEVERANT\u00d6R                                <svg width=\"24\" height=\"24\" viewBox=\"0 0 24 24\" fill=\"none\" xmlns=\"http:\/\/www.w3.org\/2000\/svg\">\r\n                                    <path fill-rule=\"evenodd\" clip-rule=\"evenodd\" d=\"M6 3L6 5L12.9899 5L12.9899 16.172L10.4283 13.636L9 15.05L14 20L19 15.05L17.5717 13.636L15.0101 16.172L15.0101 3L15 3L12.9899 3L6 3Z\" fill=\"#030303\"\/>\r\n                                <\/svg>\r\n                            <\/a>\r\n                                            <\/div>\r\n                <\/div>\r\n            <\/div>\r\n        <\/div>\r\n    <\/div>\r\n<\/div>\r\n        <\/div>\r\n    \n\n            <div id=\"\" class=\"js-nav-block margin-none \">\r\n            \n\n<div class=\"wrap-resp wrap max-width breadcrumbs-block\">\n    <div class=\"breadcrumbs-desktop\">\n        \n    <div class=\"breadcrumbs\">\n        <a href=\"https:\/\/hansamatrix.com\/sv\/\" class=\"el\">Startsida<\/a>\n\n        \n            \n                            <div class=\"el current\">F\u00f6r leverant\u00f6rer<\/div>\n            \n        \n    <\/div>\n\n        <\/div>\n    <div class=\"breadcrumbs-resp\">\n        <a href=\"https:\/\/hansamatrix.com\/sv\/\" class=\"arrow-col\">\n            <svg width=\"44\" height=\"44\" viewBox=\"0 0 44 44\" fill=\"none\" xmlns=\"http:\/\/www.w3.org\/2000\/svg\">\n                <circle cx=\"22\" cy=\"22\" r=\"21\" stroke=\"#AAAAAA\"\/>\n                <path fill-rule=\"evenodd\" clip-rule=\"evenodd\" d=\"M31 15H29V21.9899H17.828L20.364 19.4283L18.95 18L14 23L18.95 28L20.364 26.5717L17.828 24.0101H31V24V21.9899V15Z\" fill=\"#030303\"\/>\n            <\/svg>\n        <\/a>\n\n        <div class=\"title-col\">\n                            <a href=\"https:\/\/hansamatrix.com\/sv\/\">Startsida<\/a>\n                    <\/div>\n    <\/div>\n<\/div>\n        <\/div>\r\n    \n\n            <div id=\"samarbetsvillkor\" class=\"js-nav-block margin-small \">\r\n            \r\n<div class=\"user-content-block max-width wrap wrap-resp\">\r\n    <div class=\"right-aligned-text-wrap\">\r\n        <div class=\"user-content\">\r\n            <div class=\"subtitle\">\n<p>Samarbetsvillkor f\u00f6r leverant\u00f6rer<\/p>\n<\/div>\n<h3>Ett p\u00e5litligt samarbete med \u00f6msesidigt givande<\/h3>\n<p>HansaMatrix bygger starka partnerskap tillsammans med v\u00e5ra leverant\u00f6rer, baserat p\u00e5 stabila leveranser och p\u00e5litlig orderuppfyllelse. Kvaliteten p\u00e5 material och tj\u00e4nster \u00e4r alltid h\u00f6gsta prioritet \u2013 det \u00e4r det enda m\u00f6jligheten f\u00f6r oss att kunna f\u00f6rse v\u00e5ra kunder med produkter som uppfyller internationella standarder.<\/p>\n<ul>\n<li>HansaMatrix utvecklar sin verksamhet utifr\u00e5n en princip om h\u00e5llbar utveckling och ESG, och sj\u00e4lvklart f\u00f6rv\u00e4ntar vi oss \u00e4ven ansvarsfulla aff\u00e4rsmetoder fr\u00e5n v\u00e5ra partners, baserade p\u00e5 h\u00f6ga standarder.<\/li>\n<li>Samarbetet utf\u00f6rs i strikt \u00f6verensst\u00e4mmelse med relevanta lag- och myndighetskrav, samt i enlighet med HansaMatrix egna regler kring samarbeten.<\/li>\n<li>Leverant\u00f6ren ansvarar fullt ut f\u00f6r kvaliteten p\u00e5 sina produkter och ska tillhandah\u00e5lla all n\u00f6dv\u00e4ndig dokumentation och giltig certifiering.<\/li>\n<\/ul>\n<p><a class=\"button button--link\" href=\"#popup-suppliers-form-popup\">ANS\u00d6K OM SAMARBETE<\/a><\/p>\n        <\/div>\r\n    <\/div>\r\n<\/div>\r\n        <\/div>\r\n    \n\n            <div id=\"\" class=\"js-nav-block margin-big \">\r\n            \r\n\r\n<div class=\"media-and-content-block wrap-resp wrap max-width\">\r\n\r\n    <div class=\"row block-row\">\r\n        <div class=\"visual-col col-12 col-1200-8\">\r\n\r\n            \r\n                <div class=\"image-c\">\r\n                    <div class=\"image\">\r\n                        <img decoding=\"async\" class=\"lazy img-grey-bg\"  data-img-small=\"https:\/\/hansamatrix.com\/wp-content\/uploads\/2022\/07\/Detalas_0452_NZ6_6893-1-768x443.jpg\" data-img-medium=\"https:\/\/hansamatrix.com\/wp-content\/uploads\/2022\/07\/Detalas_0452_NZ6_6893-1-1024x590.jpg\" data-img-src=\"https:\/\/hansamatrix.com\/wp-content\/uploads\/2022\/07\/Detalas_0452_NZ6_6893-1.jpg\" alt=\"HansaMatrix manufacturing site photo\" src=\"https:\/\/hansamatrix.com\/wp-content\/themes\/hansamatrix\/assets\/img\/lazy-img.jpg\"  >\r\n                    <\/div>\r\n                <\/div>\r\n\r\n            \r\n\r\n\r\n        <\/div>\r\n\r\n\r\n        <div class=\"content-col col-12 col-1200-4\">\r\n            <div class=\"user-content grey-text\" data-speed=\"1.1\">\r\n                <p>L\u00e4s HansaMatrix samarbetsvillkor f\u00f6r leverant\u00f6rer.<\/p>\n\r\n                <!-- Stock Information -->\r\n                                                    \r\n                <!-- Orange links-->\r\n                <!--  File Link repeater-->\r\n\r\n    <div class=\"links-to-pages\">\r\n        \r\n            <div class=\"links-cat\">\r\n\r\n                \r\n                <div class=\"links-c\">\r\n\r\n                    \r\n                        \r\n                            <a class=\"link js-add-class-when-in-screen\"\r\n                               data-add-class=\"active\"\r\n                               data-screen-offset=\"100\"\r\n                               data-screen-pos=\"bottom\"\r\n                               href=\"https:\/\/hansamatrix.com\/wp-content\/uploads\/2022\/06\/COC.pdf\"\r\n                               target=\"_blank\"\r\n                            >\r\n                                Leverant\u00f6rens uppf\u00f6randekod\r\n                                <svg width=\"7\" height=\"11\" viewBox=\"0 0 7 11\" fill=\"none\" xmlns=\"http:\/\/www.w3.org\/2000\/svg\">\r\n                                    <path d=\"M3.5 5.5L0 1.83L1.75 0L7 5.5L1.75 11L0 9.17L3.5 5.5Z\"\/>\r\n                                <\/svg>\r\n                            <\/a>\r\n\r\n                        \r\n                        \r\n                        \r\n                    \r\n                <\/div>\r\n\r\n            <\/div>\r\n\r\n            <\/div>\r\n\r\n\r\n\r\n                <!-- CTA button -->\r\n                \r\n            <\/div>\r\n        <\/div>\r\n    <\/div>\r\n\r\n\r\n    \r\n<\/div>\r\n\r\n\r\n        <\/div>\r\n    \n\n            <div id=\"bli-v\u00e5r-leverant\u00f6r\" class=\"js-nav-block margin-small \">\r\n            \r\n<div class=\"user-content-block max-width wrap wrap-resp\">\r\n    <div class=\"right-aligned-text-wrap\">\r\n        <div class=\"user-content\">\r\n            <div class=\"subtitle\">\n<p>BLI V\u00c5R LEVERANT\u00d6R<\/p>\n<\/div>\n<h3>Hur blir man leverant\u00f6r till HansaMatrix?<\/h3>\n<p>Leverant\u00f6rer spelar en nyckelroll f\u00f6r den framg\u00e5ngsrika tillv\u00e4xten av v\u00e5r verksamhet. Vi v\u00e5rdar v\u00e5ra befintliga samarbeten, samtidigt som vi st\u00e4ndigt letar efter nya partners f\u00f6r att m\u00f6ta v\u00e5ra globala behov. Om du \u00e4r intresserad av samarbete som leverant\u00f6r till HansaMatrix, v\u00e4nligen l\u00e4s samarbetsvillkoren ovan och fyll i ans\u00f6kningsformul\u00e4ret.<\/p>\n<p>Att skicka in detta formul\u00e4r garanterar inte att du godk\u00e4nns som leverant\u00f6r till HansaMatrix. Du ger oss information s\u00e5 att vi kan utv\u00e4rdera ditt f\u00f6retags erfarenhet, kvalifikationer och erbjudanden.<\/p>\n<h5>Tre steg till framg\u00e5ngsrikt samarbete:<\/h5>\n<ol>\n<li>Fyll i och skicka in ans\u00f6kningsformul\u00e4ret online<\/li>\n<li>Vi genomf\u00f6r en noggrann kontroll av potentiella leverant\u00f6rer via internationella databaser<\/li>\n<li>Du blir kontaktad av HansaMatrix via mejl eller telefon<\/li>\n<\/ol>\n<p><a class=\"button button--link\" href=\"#popup-suppliers-form-popup\" target=\"_self\">Ans\u00f6k om samarbete<\/a><\/p>\n        <\/div>\r\n    <\/div>\r\n<\/div>\r\n        <\/div>\r\n    \n\n            <div id=\"\" class=\"js-nav-block margin-big \">\r\n            \r\n\r\n<div class=\"media-and-content-block wrap-resp wrap max-width\">\r\n\r\n    <div class=\"row block-row\">\r\n        <div class=\"visual-col col-12 col-1200-8\">\r\n\r\n            \r\n                <div class=\"image-c\">\r\n                    <div class=\"image\">\r\n                        <img decoding=\"async\" class=\"lazy img-grey-bg\"  data-img-small=\"https:\/\/hansamatrix.com\/wp-content\/uploads\/2022\/07\/Noliktava_0075_Z72_7661-1-768x443.jpg\" data-img-medium=\"https:\/\/hansamatrix.com\/wp-content\/uploads\/2022\/07\/Noliktava_0075_Z72_7661-1-1024x590.jpg\" data-img-src=\"https:\/\/hansamatrix.com\/wp-content\/uploads\/2022\/07\/Noliktava_0075_Z72_7661-1.jpg\" alt=\"HansaMatrix warehouse picture\" src=\"https:\/\/hansamatrix.com\/wp-content\/themes\/hansamatrix\/assets\/img\/lazy-img.jpg\"  >\r\n                    <\/div>\r\n                <\/div>\r\n\r\n            \r\n\r\n\r\n        <\/div>\r\n\r\n\r\n        <div class=\"content-col col-12 col-1200-4\">\r\n            <div class=\"user-content grey-text\" data-speed=\"1.1\">\r\n                \r\n                <!-- Stock Information -->\r\n                                                    \r\n                <!-- Orange links-->\r\n                <!--  File Link repeater-->\r\n\r\n\r\n                <!-- CTA button -->\r\n                \r\n            <\/div>\r\n        <\/div>\r\n    <\/div>\r\n\r\n\r\n    \r\n<\/div>\r\n\r\n\r\n        <\/div>\r\n    ","protected":false},"excerpt":{"rendered":"<p>Samarbetsvillkor f\u00f6r leverant\u00f6rer Ett p\u00e5litligt samarbete med \u00f6msesidigt givande HansaMatrix bygger starka partnerskap tillsammans med v\u00e5ra leverant\u00f6rer, baserat p\u00e5 stabila leveranser och p\u00e5litlig orderuppfyllelse. Kvaliteten p\u00e5 material och tj\u00e4nster \u00e4r alltid h\u00f6gsta prioritet \u2013 det \u00e4r det enda m\u00f6jligheten f\u00f6r oss att kunna f\u00f6rse v\u00e5ra kunder med produkter som uppfyller&hellip;<\/p>\n","protected":false},"author":1,"featured_media":0,"parent":0,"menu_order":0,"comment_status":"closed","ping_status":"closed","template":"","meta":{"_acf_changed":false,"inline_featured_image":false,"footnotes":""},"class_list":["post-7354","page","type-page","status-publish","hentry"],"acf":[],"yoast_head":"<!-- This site is optimized with the Yoast SEO plugin v26.3 - https:\/\/yoast.com\/wordpress\/plugins\/seo\/ -->\n<title>F\u00f6r leverant\u00f6rer - Hansamatrix<\/title>\n<meta name=\"robots\" content=\"index, follow, max-snippet:-1, max-image-preview:large, max-video-preview:-1\" \/>\n<link rel=\"canonical\" href=\"https:\/\/hansamatrix.com\/sv\/for-leverantorer\/\" \/>\n<meta property=\"og:locale\" content=\"sv_SE\" \/>\n<meta property=\"og:type\" content=\"article\" \/>\n<meta property=\"og:title\" content=\"F\u00f6r leverant\u00f6rer - Hansamatrix\" \/>\n<meta property=\"og:description\" content=\"Samarbetsvillkor f\u00f6r leverant\u00f6rer Ett p\u00e5litligt samarbete med \u00f6msesidigt givande HansaMatrix bygger starka partnerskap tillsammans med v\u00e5ra leverant\u00f6rer, baserat p\u00e5 stabila leveranser och p\u00e5litlig orderuppfyllelse. Kvaliteten p\u00e5 material och tj\u00e4nster \u00e4r alltid h\u00f6gsta prioritet \u2013 det \u00e4r det enda m\u00f6jligheten f\u00f6r oss att kunna f\u00f6rse v\u00e5ra kunder med produkter som uppfyller&hellip;\" \/>\n<meta property=\"og:url\" content=\"https:\/\/hansamatrix.com\/sv\/for-leverantorer\/\" \/>\n<meta property=\"og:site_name\" content=\"Hansamatrix\" \/>\n<meta property=\"article:modified_time\" content=\"2025-09-05T07:43:51+00:00\" \/>\n<meta property=\"og:image\" content=\"https:\/\/hansamatrix.com\/wp-content\/uploads\/2022\/08\/Share_pic_hansa_en.jpg\" \/>\n\t<meta property=\"og:image:width\" content=\"1600\" \/>\n\t<meta property=\"og:image:height\" content=\"840\" \/>\n\t<meta property=\"og:image:type\" content=\"image\/jpeg\" \/>\n<meta name=\"twitter:card\" content=\"summary_large_image\" \/>\n<script type=\"application\/ld+json\" class=\"yoast-schema-graph\">{\"@context\":\"https:\/\/schema.org\",\"@graph\":[{\"@type\":\"WebPage\",\"@id\":\"https:\/\/hansamatrix.com\/sv\/for-leverantorer\/\",\"url\":\"https:\/\/hansamatrix.com\/sv\/for-leverantorer\/\",\"name\":\"F\u00f6r leverant\u00f6rer - Hansamatrix\",\"isPartOf\":{\"@id\":\"https:\/\/hansamatrix.com\/#website\"},\"datePublished\":\"2022-04-05T05:08:55+00:00\",\"dateModified\":\"2025-09-05T07:43:51+00:00\",\"breadcrumb\":{\"@id\":\"https:\/\/hansamatrix.com\/sv\/for-leverantorer\/#breadcrumb\"},\"inLanguage\":\"sv-SE\",\"potentialAction\":[{\"@type\":\"ReadAction\",\"target\":[\"https:\/\/hansamatrix.com\/sv\/for-leverantorer\/\"]}]},{\"@type\":\"BreadcrumbList\",\"@id\":\"https:\/\/hansamatrix.com\/sv\/for-leverantorer\/#breadcrumb\",\"itemListElement\":[{\"@type\":\"ListItem\",\"position\":1,\"name\":\"Home\",\"item\":\"https:\/\/hansamatrix.com\/sv\/\"},{\"@type\":\"ListItem\",\"position\":2,\"name\":\"F\u00f6r leverant\u00f6rer\"}]},{\"@type\":\"WebSite\",\"@id\":\"https:\/\/hansamatrix.com\/#website\",\"url\":\"https:\/\/hansamatrix.com\/\",\"name\":\"Hansamatrix\",\"description\":\"\",\"potentialAction\":[{\"@type\":\"SearchAction\",\"target\":{\"@type\":\"EntryPoint\",\"urlTemplate\":\"https:\/\/hansamatrix.com\/?s={search_term_string}\"},\"query-input\":{\"@type\":\"PropertyValueSpecification\",\"valueRequired\":true,\"valueName\":\"search_term_string\"}}],\"inLanguage\":\"sv-SE\"}]}<\/script>\n<!-- \/ Yoast SEO plugin. -->","yoast_head_json":{"title":"F\u00f6r leverant\u00f6rer - Hansamatrix","robots":{"index":"index","follow":"follow","max-snippet":"max-snippet:-1","max-image-preview":"max-image-preview:large","max-video-preview":"max-video-preview:-1"},"canonical":"https:\/\/hansamatrix.com\/sv\/for-leverantorer\/","og_locale":"sv_SE","og_type":"article","og_title":"F\u00f6r leverant\u00f6rer - Hansamatrix","og_description":"Samarbetsvillkor f\u00f6r leverant\u00f6rer Ett p\u00e5litligt samarbete med \u00f6msesidigt givande HansaMatrix bygger starka partnerskap tillsammans med v\u00e5ra leverant\u00f6rer, baserat p\u00e5 stabila leveranser och p\u00e5litlig orderuppfyllelse. Kvaliteten p\u00e5 material och tj\u00e4nster \u00e4r alltid h\u00f6gsta prioritet \u2013 det \u00e4r det enda m\u00f6jligheten f\u00f6r oss att kunna f\u00f6rse v\u00e5ra kunder med produkter som uppfyller&hellip;","og_url":"https:\/\/hansamatrix.com\/sv\/for-leverantorer\/","og_site_name":"Hansamatrix","article_modified_time":"2025-09-05T07:43:51+00:00","og_image":[{"width":1600,"height":840,"url":"https:\/\/hansamatrix.com\/wp-content\/uploads\/2022\/08\/Share_pic_hansa_en.jpg","type":"image\/jpeg"}],"twitter_card":"summary_large_image","schema":{"@context":"https:\/\/schema.org","@graph":[{"@type":"WebPage","@id":"https:\/\/hansamatrix.com\/sv\/for-leverantorer\/","url":"https:\/\/hansamatrix.com\/sv\/for-leverantorer\/","name":"F\u00f6r leverant\u00f6rer - Hansamatrix","isPartOf":{"@id":"https:\/\/hansamatrix.com\/#website"},"datePublished":"2022-04-05T05:08:55+00:00","dateModified":"2025-09-05T07:43:51+00:00","breadcrumb":{"@id":"https:\/\/hansamatrix.com\/sv\/for-leverantorer\/#breadcrumb"},"inLanguage":"sv-SE","potentialAction":[{"@type":"ReadAction","target":["https:\/\/hansamatrix.com\/sv\/for-leverantorer\/"]}]},{"@type":"BreadcrumbList","@id":"https:\/\/hansamatrix.com\/sv\/for-leverantorer\/#breadcrumb","itemListElement":[{"@type":"ListItem","position":1,"name":"Home","item":"https:\/\/hansamatrix.com\/sv\/"},{"@type":"ListItem","position":2,"name":"F\u00f6r leverant\u00f6rer"}]},{"@type":"WebSite","@id":"https:\/\/hansamatrix.com\/#website","url":"https:\/\/hansamatrix.com\/","name":"Hansamatrix","description":"","potentialAction":[{"@type":"SearchAction","target":{"@type":"EntryPoint","urlTemplate":"https:\/\/hansamatrix.com\/?s={search_term_string}"},"query-input":{"@type":"PropertyValueSpecification","valueRequired":true,"valueName":"search_term_string"}}],"inLanguage":"sv-SE"}]}},"_links":{"self":[{"href":"https:\/\/hansamatrix.com\/sv\/wp-json\/wp\/v2\/pages\/7354","targetHints":{"allow":["GET"]}}],"collection":[{"href":"https:\/\/hansamatrix.com\/sv\/wp-json\/wp\/v2\/pages"}],"about":[{"href":"https:\/\/hansamatrix.com\/sv\/wp-json\/wp\/v2\/types\/page"}],"author":[{"embeddable":true,"href":"https:\/\/hansamatrix.com\/sv\/wp-json\/wp\/v2\/users\/1"}],"replies":[{"embeddable":true,"href":"https:\/\/hansamatrix.com\/sv\/wp-json\/wp\/v2\/comments?post=7354"}],"version-history":[{"count":3,"href":"https:\/\/hansamatrix.com\/sv\/wp-json\/wp\/v2\/pages\/7354\/revisions"}],"predecessor-version":[{"id":7380,"href":"https:\/\/hansamatrix.com\/sv\/wp-json\/wp\/v2\/pages\/7354\/revisions\/7380"}],"wp:attachment":[{"href":"https:\/\/hansamatrix.com\/sv\/wp-json\/wp\/v2\/media?parent=7354"}],"curies":[{"name":"wp","href":"https:\/\/api.w.org\/{rel}","templated":true}]}}