{"id":47,"date":"2022-04-05T08:09:27","date_gmt":"2022-04-05T05:09:27","guid":{"rendered":"https:\/\/hansamatrix.com\/?page_id=47"},"modified":"2022-07-20T17:03:40","modified_gmt":"2022-07-20T14:03:40","slug":"jaunumi","status":"publish","type":"page","link":"https:\/\/hansamatrix.com\/lv\/jaunumi\/","title":{"rendered":"Jaunumi"},"content":{"rendered":"            <div id=\"\" class=\"js-nav-block margin-none \">\r\n            \r\n\r\n\r\n<div class=\"header-block\">\r\n    <div class=\"header-c\">\r\n        <div class=\"js-container-p5-header container-5p\" data-img-src=\"https:\/\/hansamatrix.com\/wp-content\/uploads\/2022\/04\/logo.jpg\"><\/div>\r\n        <div class=\"wrap max-width wrap-resp\">\r\n            <div class=\"header-row\">\r\n                <div class=\"header-title-col\">\r\n                    <h3>\r\n                        <div class=\"num\">06<\/div>\r\n                    <\/h3>\r\n                    <h1>\r\n                        Uzzini vair\u0101k par aktu\u0101lo uz\u0146\u0113mum\u0101                    <\/h1>\r\n                <\/div>\r\n                <div class=\"links-col\">\r\n                    <div class=\"links\">\r\n                                            <\/div>\r\n                <\/div>\r\n            <\/div>\r\n        <\/div>\r\n    <\/div>\r\n<\/div>\r\n        <\/div>\r\n    \n\n            <div id=\"\" class=\"js-nav-block margin-none \">\r\n            \n\n<div class=\"wrap-resp wrap max-width breadcrumbs-block\">\n    <div class=\"breadcrumbs-desktop\">\n        \n    <div class=\"breadcrumbs\">\n        <a href=\"https:\/\/hansamatrix.com\/lv\/\" class=\"el\">S\u0101kums<\/a>\n\n        \n            \n                            <div class=\"el current\">Jaunumi<\/div>\n            \n        \n    <\/div>\n\n        <\/div>\n    <div class=\"breadcrumbs-resp\">\n        <a href=\"https:\/\/hansamatrix.com\/lv\/\" class=\"arrow-col\">\n            <svg width=\"44\" height=\"44\" viewBox=\"0 0 44 44\" fill=\"none\" xmlns=\"http:\/\/www.w3.org\/2000\/svg\">\n                <circle cx=\"22\" cy=\"22\" r=\"21\" stroke=\"#AAAAAA\"\/>\n                <path fill-rule=\"evenodd\" clip-rule=\"evenodd\" d=\"M31 15H29V21.9899H17.828L20.364 19.4283L18.95 18L14 23L18.95 28L20.364 26.5717L17.828 24.0101H31V24V21.9899V15Z\" fill=\"#030303\"\/>\n            <\/svg>\n        <\/a>\n\n        <div class=\"title-col\">\n                            <a href=\"https:\/\/hansamatrix.com\/lv\/\">S\u0101kums<\/a>\n                    <\/div>\n    <\/div>\n<\/div>\n        <\/div>\r\n    ","protected":false},"excerpt":{"rendered":"","protected":false},"author":1,"featured_media":0,"parent":0,"menu_order":0,"comment_status":"closed","ping_status":"closed","template":"page-all-news.php","meta":{"_acf_changed":false,"inline_featured_image":false,"footnotes":""},"class_list":["post-47","page","type-page","status-publish","hentry"],"acf":[],"yoast_head":"<!-- This site is optimized with the Yoast SEO plugin v26.3 - https:\/\/yoast.com\/wordpress\/plugins\/seo\/ -->\n<title>Jaunumi - Hansamatrix<\/title>\n<meta name=\"robots\" content=\"index, follow, max-snippet:-1, max-image-preview:large, max-video-preview:-1\" \/>\n<link rel=\"canonical\" href=\"https:\/\/hansamatrix.com\/news\/\" \/>\n<meta property=\"og:locale\" content=\"lv_LV\" \/>\n<meta property=\"og:type\" content=\"article\" \/>\n<meta property=\"og:title\" content=\"Jaunumi - Hansamatrix\" \/>\n<meta property=\"og:url\" content=\"https:\/\/hansamatrix.com\/news\/\" \/>\n<meta property=\"og:site_name\" content=\"Hansamatrix\" \/>\n<meta property=\"article:modified_time\" content=\"2022-07-20T14:03:40+00:00\" \/>\n<meta property=\"og:image\" content=\"https:\/\/hansamatrix.com\/wp-content\/uploads\/2022\/08\/Share_pic_hansa_en.jpg\" \/>\n\t<meta property=\"og:image:width\" content=\"1600\" \/>\n\t<meta property=\"og:image:height\" content=\"840\" \/>\n\t<meta property=\"og:image:type\" content=\"image\/jpeg\" \/>\n<meta name=\"twitter:card\" content=\"summary_large_image\" \/>\n<script type=\"application\/ld+json\" class=\"yoast-schema-graph\">{\"@context\":\"https:\/\/schema.org\",\"@graph\":[{\"@type\":\"WebPage\",\"@id\":\"https:\/\/hansamatrix.com\/news\/\",\"url\":\"https:\/\/hansamatrix.com\/news\/\",\"name\":\"Jaunumi - Hansamatrix\",\"isPartOf\":{\"@id\":\"https:\/\/hansamatrix.com\/#website\"},\"datePublished\":\"2022-04-05T05:09:27+00:00\",\"dateModified\":\"2022-07-20T14:03:40+00:00\",\"breadcrumb\":{\"@id\":\"https:\/\/hansamatrix.com\/news\/#breadcrumb\"},\"inLanguage\":\"lv-LV\",\"potentialAction\":[{\"@type\":\"ReadAction\",\"target\":[\"https:\/\/hansamatrix.com\/news\/\"]}]},{\"@type\":\"BreadcrumbList\",\"@id\":\"https:\/\/hansamatrix.com\/news\/#breadcrumb\",\"itemListElement\":[{\"@type\":\"ListItem\",\"position\":1,\"name\":\"Home\",\"item\":\"https:\/\/hansamatrix.com\/lv\/\"},{\"@type\":\"ListItem\",\"position\":2,\"name\":\"Jaunumi\"}]},{\"@type\":\"WebSite\",\"@id\":\"https:\/\/hansamatrix.com\/#website\",\"url\":\"https:\/\/hansamatrix.com\/\",\"name\":\"Hansamatrix\",\"description\":\"\",\"potentialAction\":[{\"@type\":\"SearchAction\",\"target\":{\"@type\":\"EntryPoint\",\"urlTemplate\":\"https:\/\/hansamatrix.com\/?s={search_term_string}\"},\"query-input\":{\"@type\":\"PropertyValueSpecification\",\"valueRequired\":true,\"valueName\":\"search_term_string\"}}],\"inLanguage\":\"lv-LV\"}]}<\/script>\n<!-- \/ Yoast SEO plugin. -->","yoast_head_json":{"title":"Jaunumi - Hansamatrix","robots":{"index":"index","follow":"follow","max-snippet":"max-snippet:-1","max-image-preview":"max-image-preview:large","max-video-preview":"max-video-preview:-1"},"canonical":"https:\/\/hansamatrix.com\/news\/","og_locale":"lv_LV","og_type":"article","og_title":"Jaunumi - Hansamatrix","og_url":"https:\/\/hansamatrix.com\/news\/","og_site_name":"Hansamatrix","article_modified_time":"2022-07-20T14:03:40+00:00","og_image":[{"width":1600,"height":840,"url":"https:\/\/hansamatrix.com\/wp-content\/uploads\/2022\/08\/Share_pic_hansa_en.jpg","type":"image\/jpeg"}],"twitter_card":"summary_large_image","schema":{"@context":"https:\/\/schema.org","@graph":[{"@type":"WebPage","@id":"https:\/\/hansamatrix.com\/news\/","url":"https:\/\/hansamatrix.com\/news\/","name":"Jaunumi - Hansamatrix","isPartOf":{"@id":"https:\/\/hansamatrix.com\/#website"},"datePublished":"2022-04-05T05:09:27+00:00","dateModified":"2022-07-20T14:03:40+00:00","breadcrumb":{"@id":"https:\/\/hansamatrix.com\/news\/#breadcrumb"},"inLanguage":"lv-LV","potentialAction":[{"@type":"ReadAction","target":["https:\/\/hansamatrix.com\/news\/"]}]},{"@type":"BreadcrumbList","@id":"https:\/\/hansamatrix.com\/news\/#breadcrumb","itemListElement":[{"@type":"ListItem","position":1,"name":"Home","item":"https:\/\/hansamatrix.com\/lv\/"},{"@type":"ListItem","position":2,"name":"Jaunumi"}]},{"@type":"WebSite","@id":"https:\/\/hansamatrix.com\/#website","url":"https:\/\/hansamatrix.com\/","name":"Hansamatrix","description":"","potentialAction":[{"@type":"SearchAction","target":{"@type":"EntryPoint","urlTemplate":"https:\/\/hansamatrix.com\/?s={search_term_string}"},"query-input":{"@type":"PropertyValueSpecification","valueRequired":true,"valueName":"search_term_string"}}],"inLanguage":"lv-LV"}]}},"_links":{"self":[{"href":"https:\/\/hansamatrix.com\/lv\/wp-json\/wp\/v2\/pages\/47","targetHints":{"allow":["GET"]}}],"collection":[{"href":"https:\/\/hansamatrix.com\/lv\/wp-json\/wp\/v2\/pages"}],"about":[{"href":"https:\/\/hansamatrix.com\/lv\/wp-json\/wp\/v2\/types\/page"}],"author":[{"embeddable":true,"href":"https:\/\/hansamatrix.com\/lv\/wp-json\/wp\/v2\/users\/1"}],"replies":[{"embeddable":true,"href":"https:\/\/hansamatrix.com\/lv\/wp-json\/wp\/v2\/comments?post=47"}],"version-history":[{"count":3,"href":"https:\/\/hansamatrix.com\/lv\/wp-json\/wp\/v2\/pages\/47\/revisions"}],"predecessor-version":[{"id":3129,"href":"https:\/\/hansamatrix.com\/lv\/wp-json\/wp\/v2\/pages\/47\/revisions\/3129"}],"wp:attachment":[{"href":"https:\/\/hansamatrix.com\/lv\/wp-json\/wp\/v2\/media?parent=47"}],"curies":[{"name":"wp","href":"https:\/\/api.w.org\/{rel}","templated":true}]}}