{"id":41,"date":"2022-04-05T08:08:55","date_gmt":"2022-04-05T08:08:55","guid":{"rendered":"https:\/\/hansamatrix.com\/?page_id=41"},"modified":"2022-07-29T12:55:54","modified_gmt":"2022-07-29T09:55:54","slug":"piegadatajiem","status":"publish","type":"page","link":"https:\/\/hansamatrix.com\/lv\/piegadatajiem\/","title":{"rendered":"Pieg\u0101d\u0101t\u0101jiem"},"content":{"rendered":"            <div id=\"\" class=\"js-nav-block margin-none \">\r\n            \r\n\r\n\r\n<div class=\"header-block\">\r\n    <div class=\"header-c\">\r\n        <div class=\"js-container-p5-header container-5p\" data-img-src=\"https:\/\/hansamatrix.com\/wp-content\/uploads\/2022\/04\/logo.jpg\"><\/div>\r\n        <div class=\"wrap max-width wrap-resp\">\r\n            <div class=\"header-row\">\r\n                <div class=\"header-title-col\">\r\n                    <h3>\r\n                        <div class=\"num\">05<\/div>\r\n                    <\/h3>\r\n                    <h1>\r\n                        V\u0113lies k\u013c\u016bt par m\u016bsu pieg\u0101d\u0101t\u0101ju?                    <\/h1>\r\n                <\/div>\r\n                <div class=\"links-col\">\r\n                    <div class=\"links\">\r\n                                                    <a class=\"\" href=\"#nosacijumi\">\r\n                                Pieg\u0101d\u0101t\u0101ju sadarb\u012bbas nosac\u012bjumi                                <svg width=\"24\" height=\"24\" viewBox=\"0 0 24 24\" fill=\"none\" xmlns=\"http:\/\/www.w3.org\/2000\/svg\">\r\n                                    <path fill-rule=\"evenodd\" clip-rule=\"evenodd\" d=\"M6 3L6 5L12.9899 5L12.9899 16.172L10.4283 13.636L9 15.05L14 20L19 15.05L17.5717 13.636L15.0101 16.172L15.0101 3L15 3L12.9899 3L6 3Z\" fill=\"#030303\"\/>\r\n                                <\/svg>\r\n                            <\/a>\r\n                                                    <a class=\"\" href=\"#klusti-par-musu-piegadataju\">\r\n                                K\u013c\u016bsti par pieg\u0101d\u0101t\u0101ju                                <svg width=\"24\" height=\"24\" viewBox=\"0 0 24 24\" fill=\"none\" xmlns=\"http:\/\/www.w3.org\/2000\/svg\">\r\n                                    <path fill-rule=\"evenodd\" clip-rule=\"evenodd\" d=\"M6 3L6 5L12.9899 5L12.9899 16.172L10.4283 13.636L9 15.05L14 20L19 15.05L17.5717 13.636L15.0101 16.172L15.0101 3L15 3L12.9899 3L6 3Z\" fill=\"#030303\"\/>\r\n                                <\/svg>\r\n                            <\/a>\r\n                                            <\/div>\r\n                <\/div>\r\n            <\/div>\r\n        <\/div>\r\n    <\/div>\r\n<\/div>\r\n        <\/div>\r\n    \n\n            <div id=\"\" class=\"js-nav-block margin-none \">\r\n            \n\n<div class=\"wrap-resp wrap max-width breadcrumbs-block\">\n    <div class=\"breadcrumbs-desktop\">\n        \n    <div class=\"breadcrumbs\">\n        <a href=\"https:\/\/hansamatrix.com\/lv\/\" class=\"el\">S\u0101kums<\/a>\n\n        \n            \n                            <div class=\"el current\">Pieg\u0101d\u0101t\u0101jiem<\/div>\n            \n        \n    <\/div>\n\n        <\/div>\n    <div class=\"breadcrumbs-resp\">\n        <a href=\"https:\/\/hansamatrix.com\/lv\/\" class=\"arrow-col\">\n            <svg width=\"44\" height=\"44\" viewBox=\"0 0 44 44\" fill=\"none\" xmlns=\"http:\/\/www.w3.org\/2000\/svg\">\n                <circle cx=\"22\" cy=\"22\" r=\"21\" stroke=\"#AAAAAA\"\/>\n                <path fill-rule=\"evenodd\" clip-rule=\"evenodd\" d=\"M31 15H29V21.9899H17.828L20.364 19.4283L18.95 18L14 23L18.95 28L20.364 26.5717L17.828 24.0101H31V24V21.9899V15Z\" fill=\"#030303\"\/>\n            <\/svg>\n        <\/a>\n\n        <div class=\"title-col\">\n                            <a href=\"https:\/\/hansamatrix.com\/lv\/\">S\u0101kums<\/a>\n                    <\/div>\n    <\/div>\n<\/div>\n        <\/div>\r\n    \n\n            <div id=\"\" class=\"js-nav-block margin-small \">\r\n            \r\n<div class=\"user-content-block max-width wrap wrap-resp\">\r\n    <div class=\"right-aligned-text-wrap\">\r\n        <div class=\"user-content\">\r\n            <div class=\"subtitle\">\n<p>PIEG\u0100D\u0100T\u0100JU SADARB\u012aBAS NOSAC\u012aJUMI<\/p>\n<\/div>\n<h3>Abpus\u0113ji izdev\u012bga un uzticama sadarb\u012bba<\/h3>\n<p>Sadarb\u012bb\u0101 ar pieg\u0101d\u0101t\u0101jiem, HansaMatrix m\u0113r\u0137is ir veidot cie\u0161as patnerattiec\u012bbas ar stabil\u0101m pieg\u0101d\u0113m un uzticamu pas\u016bt\u012bjumu izpildi. Kvalit\u0101te vienm\u0113r ir augst\u0101k\u0101 priorit\u0101te, jo tikai t\u0101 varam nodro\u0161in\u0101t starptautiskajiem standartiem atbilsto\u0161us produktus m\u016bsu klientiem.<\/p>\n<ul>\n<li>HansaMatrix savu darb\u012bbu balsta ilgtsp\u0113jas un ESG principos, attiec\u012bgi ar\u012b no saviem partneriem sagaid\u0101m atbild\u012bgu un augstos standartos balst\u012btu biznesa praksi.<\/li>\n<li>Sadarb\u012bba notiek strikti iev\u0113rojot atbilsto\u0161\u0101s likumdo\u0161anas un regul\u0113jumu pras\u012bbas, k\u0101 ar\u012b saska\u0146\u0101 ar HansaMatrix sadarb\u012bbas noteikumiem.<\/li>\n<li>Pieg\u0101d\u0101t\u0101js uz\u0146emas pilnu atbild\u012bbu par savu produktu kvalit\u0101ti un nodro\u0161ina visas nepiecie\u0161am\u0101s izzi\u0146as, k\u0101 ar\u012b atbilsto\u0161u to sertifik\u0101ciju.<\/li>\n<\/ul>\n<p><a class=\"button button--link\" href=\"#popup-suppliers-form-popup\">PIETEIKTIES SADARB\u012aBAI<\/a><\/p>\n        <\/div>\r\n    <\/div>\r\n<\/div>\r\n        <\/div>\r\n    \n\n            <div id=\"nosacijumi\" class=\"js-nav-block margin-big \">\r\n            \r\n\r\n<div class=\"media-and-content-block wrap-resp wrap max-width\">\r\n\r\n    <div class=\"row block-row\">\r\n        <div class=\"visual-col col-12 col-1200-8\">\r\n\r\n            \r\n                <div class=\"image-c\">\r\n                    <div class=\"image\">\r\n                        <img decoding=\"async\" class=\"lazy img-grey-bg\"  data-img-small=\"https:\/\/hansamatrix.com\/wp-content\/uploads\/2022\/07\/Detalas_0452_NZ6_6893-1-768x443.jpg\" data-img-medium=\"https:\/\/hansamatrix.com\/wp-content\/uploads\/2022\/07\/Detalas_0452_NZ6_6893-1-1024x590.jpg\" data-img-src=\"https:\/\/hansamatrix.com\/wp-content\/uploads\/2022\/07\/Detalas_0452_NZ6_6893-1.jpg\" alt=\"HansaMatrix manufacturing site photo\" src=\"https:\/\/hansamatrix.com\/wp-content\/themes\/hansamatrix\/assets\/img\/lazy-img.jpg\"  >\r\n                    <\/div>\r\n                <\/div>\r\n\r\n            \r\n\r\n\r\n        <\/div>\r\n\r\n\r\n        <div class=\"content-col col-12 col-1200-4\">\r\n            <div class=\"user-content grey-text\" data-speed=\"1.1\">\r\n                <p>Aicin\u0101m iepaz\u012bties ar HansaMatrix izstr\u0101d\u0101tajiem pieg\u0101d\u0101t\u0101ju sadarb\u012bbas noteikumiem un pras\u012bb\u0101m.<\/p>\n\r\n                <!-- Stock Information -->\r\n                                                    \r\n                <!-- Orange links-->\r\n                <!--  File Link repeater-->\r\n\r\n    <div class=\"links-to-pages\">\r\n        \r\n            <div class=\"links-cat\">\r\n\r\n                \r\n                <div class=\"links-c\">\r\n\r\n                    \r\n                        \r\n                            <a class=\"link js-add-class-when-in-screen\"\r\n                               data-add-class=\"active\"\r\n                               data-screen-offset=\"100\"\r\n                               data-screen-pos=\"bottom\"\r\n                               href=\"https:\/\/hansamatrix.com\/wp-content\/uploads\/2022\/06\/COC_LVL.pdf\"\r\n                               target=\"_blank\"\r\n                            >\r\n                                Apl\u016bkot pieg\u0101d\u0101t\u0101ju sadarb\u012bbas nosac\u012bjumus\r\n                                <svg width=\"7\" height=\"11\" viewBox=\"0 0 7 11\" fill=\"none\" xmlns=\"http:\/\/www.w3.org\/2000\/svg\">\r\n                                    <path d=\"M3.5 5.5L0 1.83L1.75 0L7 5.5L1.75 11L0 9.17L3.5 5.5Z\"\/>\r\n                                <\/svg>\r\n                            <\/a>\r\n\r\n                        \r\n                        \r\n                        \r\n                    \r\n                <\/div>\r\n\r\n            <\/div>\r\n\r\n            <\/div>\r\n\r\n\r\n\r\n                <!-- CTA button -->\r\n                \r\n            <\/div>\r\n        <\/div>\r\n    <\/div>\r\n\r\n\r\n    \r\n<\/div>\r\n\r\n\r\n        <\/div>\r\n    \n\n            <div id=\"klusti-par-musu-piegadataju\" class=\"js-nav-block margin-small \">\r\n            \r\n<div class=\"user-content-block max-width wrap wrap-resp\">\r\n    <div class=\"right-aligned-text-wrap\">\r\n        <div class=\"user-content\">\r\n            <div class=\"subtitle\">\n<p>K\u013b\u016aSTI PAR hansamatrix PIEG\u0100D\u0100T\u0100JU<\/p>\n<\/div>\n<h3>K\u0101 k\u013c\u016bt par m\u016bsu pieg\u0101d\u0101t\u0101ju?<\/h3>\n<p>Ja v\u0113laties uzs\u0101kt sadarb\u012bbu, k\u013c\u016bstot par HansaMatrix pieg\u0101d\u0101t\u0101ju, l\u016bdzu iepaz\u012bstaties ar augst\u0101k redzamajiem sadarb\u012bbas noteikumiem un aizpildiet pieteikuma anketu, lai m\u0113s varam izv\u0113rt\u0113t j\u016bsu uz\u0146\u0113muma pieredzi, kvalifik\u0101ciju un pied\u0101v\u0101jumu.<\/p>\n<h5>Tr\u012bs so\u013ci l\u012bdz sekm\u012bgai sadarb\u012bbai<\/h5>\n<ol>\n<li>Pieteikuma anketas aizpild\u012b\u0161ana tie\u0161saist\u0113.<\/li>\n<li>Potenci\u0101l\u0101 partnera p\u0101rbaude starptautisk\u0101s datub\u0101z\u0113s, lai izv\u0113rt\u0113tu sadarb\u012bbas iesp\u0113jas ilgtermi\u0146\u0101.<\/li>\n<li>Atbilde no HansaMatrix iepirkumu speci\u0101lista.<\/li>\n<\/ol>\n<p><a class=\"button button--link\" href=\"#popup-suppliers-form-popup\" target=\"_self\">PIETEIKTIES SADARB\u012aBAI<\/a><\/p>\n        <\/div>\r\n    <\/div>\r\n<\/div>\r\n        <\/div>\r\n    \n\n            <div id=\"\" class=\"js-nav-block margin-big \">\r\n            \r\n\r\n<div class=\"media-and-content-block wrap-resp wrap max-width\">\r\n\r\n    <div class=\"row block-row\">\r\n        <div class=\"visual-col col-12 col-1200-8\">\r\n\r\n            \r\n                <div class=\"image-c\">\r\n                    <div class=\"image\">\r\n                        <img decoding=\"async\" class=\"lazy img-grey-bg\"  data-img-small=\"https:\/\/hansamatrix.com\/wp-content\/uploads\/2022\/07\/Noliktava_0075_Z72_7661-1-768x443.jpg\" data-img-medium=\"https:\/\/hansamatrix.com\/wp-content\/uploads\/2022\/07\/Noliktava_0075_Z72_7661-1-1024x590.jpg\" data-img-src=\"https:\/\/hansamatrix.com\/wp-content\/uploads\/2022\/07\/Noliktava_0075_Z72_7661-1.jpg\" alt=\"HansaMatrix warehouse picture\" src=\"https:\/\/hansamatrix.com\/wp-content\/themes\/hansamatrix\/assets\/img\/lazy-img.jpg\"  >\r\n                    <\/div>\r\n                <\/div>\r\n\r\n            \r\n\r\n\r\n        <\/div>\r\n\r\n\r\n        <div class=\"content-col col-12 col-1200-4\">\r\n            <div class=\"user-content grey-text\" data-speed=\"1.1\">\r\n                \r\n                <!-- Stock Information -->\r\n                                                    \r\n                <!-- Orange links-->\r\n                <!--  File Link repeater-->\r\n\r\n\r\n                <!-- CTA button -->\r\n                \r\n            <\/div>\r\n        <\/div>\r\n    <\/div>\r\n\r\n\r\n    \r\n<\/div>\r\n\r\n\r\n        <\/div>\r\n    ","protected":false},"excerpt":{"rendered":"<p>PIEG\u0100D\u0100T\u0100JU SADARB\u012aBAS NOSAC\u012aJUMI Abpus\u0113ji izdev\u012bga un uzticama sadarb\u012bba Sadarb\u012bb\u0101 ar pieg\u0101d\u0101t\u0101jiem, HansaMatrix m\u0113r\u0137is ir veidot cie\u0161as patnerattiec\u012bbas ar stabil\u0101m pieg\u0101d\u0113m un uzticamu pas\u016bt\u012bjumu izpildi. Kvalit\u0101te vienm\u0113r ir augst\u0101k\u0101 priorit\u0101te, jo tikai t\u0101 varam nodro\u0161in\u0101t starptautiskajiem standartiem atbilsto\u0161us produktus m\u016bsu klientiem. HansaMatrix savu darb\u012bbu balsta ilgtsp\u0113jas un ESG principos, attiec\u012bgi ar\u012b&hellip;<\/p>\n","protected":false},"author":1,"featured_media":0,"parent":0,"menu_order":0,"comment_status":"closed","ping_status":"closed","template":"","meta":{"_acf_changed":false,"inline_featured_image":false,"footnotes":""},"class_list":["post-41","page","type-page","status-publish","hentry"],"acf":[],"yoast_head":"<!-- This site is optimized with the Yoast SEO plugin v26.3 - https:\/\/yoast.com\/wordpress\/plugins\/seo\/ -->\n<title>Pieg\u0101d\u0101t\u0101jiem - Hansamatrix<\/title>\n<meta name=\"robots\" content=\"index, follow, max-snippet:-1, max-image-preview:large, max-video-preview:-1\" \/>\n<link rel=\"canonical\" href=\"https:\/\/hansamatrix.com\/for-suppliers\/\" \/>\n<meta property=\"og:locale\" content=\"lv_LV\" \/>\n<meta property=\"og:type\" content=\"article\" \/>\n<meta property=\"og:title\" content=\"Pieg\u0101d\u0101t\u0101jiem - Hansamatrix\" \/>\n<meta property=\"og:description\" content=\"PIEG\u0100D\u0100T\u0100JU SADARB\u012aBAS NOSAC\u012aJUMI Abpus\u0113ji izdev\u012bga un uzticama sadarb\u012bba Sadarb\u012bb\u0101 ar pieg\u0101d\u0101t\u0101jiem, HansaMatrix m\u0113r\u0137is ir veidot cie\u0161as patnerattiec\u012bbas ar stabil\u0101m pieg\u0101d\u0113m un uzticamu pas\u016bt\u012bjumu izpildi. Kvalit\u0101te vienm\u0113r ir augst\u0101k\u0101 priorit\u0101te, jo tikai t\u0101 varam nodro\u0161in\u0101t starptautiskajiem standartiem atbilsto\u0161us produktus m\u016bsu klientiem. HansaMatrix savu darb\u012bbu balsta ilgtsp\u0113jas un ESG principos, attiec\u012bgi ar\u012b&hellip;\" \/>\n<meta property=\"og:url\" content=\"https:\/\/hansamatrix.com\/for-suppliers\/\" \/>\n<meta property=\"og:site_name\" content=\"Hansamatrix\" \/>\n<meta property=\"article:modified_time\" content=\"2022-07-29T09:55:54+00:00\" \/>\n<meta property=\"og:image\" content=\"https:\/\/hansamatrix.com\/wp-content\/uploads\/2022\/08\/Share_pic_hansa_en.jpg\" \/>\n\t<meta property=\"og:image:width\" content=\"1600\" \/>\n\t<meta property=\"og:image:height\" content=\"840\" \/>\n\t<meta property=\"og:image:type\" content=\"image\/jpeg\" \/>\n<meta name=\"twitter:card\" content=\"summary_large_image\" \/>\n<script type=\"application\/ld+json\" class=\"yoast-schema-graph\">{\"@context\":\"https:\/\/schema.org\",\"@graph\":[{\"@type\":\"WebPage\",\"@id\":\"https:\/\/hansamatrix.com\/for-suppliers\/\",\"url\":\"https:\/\/hansamatrix.com\/for-suppliers\/\",\"name\":\"Pieg\u0101d\u0101t\u0101jiem - Hansamatrix\",\"isPartOf\":{\"@id\":\"https:\/\/hansamatrix.com\/#website\"},\"datePublished\":\"2022-04-05T08:08:55+00:00\",\"dateModified\":\"2022-07-29T09:55:54+00:00\",\"breadcrumb\":{\"@id\":\"https:\/\/hansamatrix.com\/for-suppliers\/#breadcrumb\"},\"inLanguage\":\"lv-LV\",\"potentialAction\":[{\"@type\":\"ReadAction\",\"target\":[\"https:\/\/hansamatrix.com\/for-suppliers\/\"]}]},{\"@type\":\"BreadcrumbList\",\"@id\":\"https:\/\/hansamatrix.com\/for-suppliers\/#breadcrumb\",\"itemListElement\":[{\"@type\":\"ListItem\",\"position\":1,\"name\":\"Home\",\"item\":\"https:\/\/hansamatrix.com\/lv\/\"},{\"@type\":\"ListItem\",\"position\":2,\"name\":\"Pieg\u0101d\u0101t\u0101jiem\"}]},{\"@type\":\"WebSite\",\"@id\":\"https:\/\/hansamatrix.com\/#website\",\"url\":\"https:\/\/hansamatrix.com\/\",\"name\":\"Hansamatrix\",\"description\":\"\",\"potentialAction\":[{\"@type\":\"SearchAction\",\"target\":{\"@type\":\"EntryPoint\",\"urlTemplate\":\"https:\/\/hansamatrix.com\/?s={search_term_string}\"},\"query-input\":{\"@type\":\"PropertyValueSpecification\",\"valueRequired\":true,\"valueName\":\"search_term_string\"}}],\"inLanguage\":\"lv-LV\"}]}<\/script>\n<!-- \/ Yoast SEO plugin. -->","yoast_head_json":{"title":"Pieg\u0101d\u0101t\u0101jiem - Hansamatrix","robots":{"index":"index","follow":"follow","max-snippet":"max-snippet:-1","max-image-preview":"max-image-preview:large","max-video-preview":"max-video-preview:-1"},"canonical":"https:\/\/hansamatrix.com\/for-suppliers\/","og_locale":"lv_LV","og_type":"article","og_title":"Pieg\u0101d\u0101t\u0101jiem - Hansamatrix","og_description":"PIEG\u0100D\u0100T\u0100JU SADARB\u012aBAS NOSAC\u012aJUMI Abpus\u0113ji izdev\u012bga un uzticama sadarb\u012bba Sadarb\u012bb\u0101 ar pieg\u0101d\u0101t\u0101jiem, HansaMatrix m\u0113r\u0137is ir veidot cie\u0161as patnerattiec\u012bbas ar stabil\u0101m pieg\u0101d\u0113m un uzticamu pas\u016bt\u012bjumu izpildi. Kvalit\u0101te vienm\u0113r ir augst\u0101k\u0101 priorit\u0101te, jo tikai t\u0101 varam nodro\u0161in\u0101t starptautiskajiem standartiem atbilsto\u0161us produktus m\u016bsu klientiem. HansaMatrix savu darb\u012bbu balsta ilgtsp\u0113jas un ESG principos, attiec\u012bgi ar\u012b&hellip;","og_url":"https:\/\/hansamatrix.com\/for-suppliers\/","og_site_name":"Hansamatrix","article_modified_time":"2022-07-29T09:55:54+00:00","og_image":[{"width":1600,"height":840,"url":"https:\/\/hansamatrix.com\/wp-content\/uploads\/2022\/08\/Share_pic_hansa_en.jpg","type":"image\/jpeg"}],"twitter_card":"summary_large_image","schema":{"@context":"https:\/\/schema.org","@graph":[{"@type":"WebPage","@id":"https:\/\/hansamatrix.com\/for-suppliers\/","url":"https:\/\/hansamatrix.com\/for-suppliers\/","name":"Pieg\u0101d\u0101t\u0101jiem - Hansamatrix","isPartOf":{"@id":"https:\/\/hansamatrix.com\/#website"},"datePublished":"2022-04-05T08:08:55+00:00","dateModified":"2022-07-29T09:55:54+00:00","breadcrumb":{"@id":"https:\/\/hansamatrix.com\/for-suppliers\/#breadcrumb"},"inLanguage":"lv-LV","potentialAction":[{"@type":"ReadAction","target":["https:\/\/hansamatrix.com\/for-suppliers\/"]}]},{"@type":"BreadcrumbList","@id":"https:\/\/hansamatrix.com\/for-suppliers\/#breadcrumb","itemListElement":[{"@type":"ListItem","position":1,"name":"Home","item":"https:\/\/hansamatrix.com\/lv\/"},{"@type":"ListItem","position":2,"name":"Pieg\u0101d\u0101t\u0101jiem"}]},{"@type":"WebSite","@id":"https:\/\/hansamatrix.com\/#website","url":"https:\/\/hansamatrix.com\/","name":"Hansamatrix","description":"","potentialAction":[{"@type":"SearchAction","target":{"@type":"EntryPoint","urlTemplate":"https:\/\/hansamatrix.com\/?s={search_term_string}"},"query-input":{"@type":"PropertyValueSpecification","valueRequired":true,"valueName":"search_term_string"}}],"inLanguage":"lv-LV"}]}},"_links":{"self":[{"href":"https:\/\/hansamatrix.com\/lv\/wp-json\/wp\/v2\/pages\/41","targetHints":{"allow":["GET"]}}],"collection":[{"href":"https:\/\/hansamatrix.com\/lv\/wp-json\/wp\/v2\/pages"}],"about":[{"href":"https:\/\/hansamatrix.com\/lv\/wp-json\/wp\/v2\/types\/page"}],"author":[{"embeddable":true,"href":"https:\/\/hansamatrix.com\/lv\/wp-json\/wp\/v2\/users\/1"}],"replies":[{"embeddable":true,"href":"https:\/\/hansamatrix.com\/lv\/wp-json\/wp\/v2\/comments?post=41"}],"version-history":[{"count":3,"href":"https:\/\/hansamatrix.com\/lv\/wp-json\/wp\/v2\/pages\/41\/revisions"}],"predecessor-version":[{"id":3658,"href":"https:\/\/hansamatrix.com\/lv\/wp-json\/wp\/v2\/pages\/41\/revisions\/3658"}],"wp:attachment":[{"href":"https:\/\/hansamatrix.com\/lv\/wp-json\/wp\/v2\/media?parent=41"}],"curies":[{"name":"wp","href":"https:\/\/api.w.org\/{rel}","templated":true}]}}