{"id":3,"date":"2022-04-04T06:21:11","date_gmt":"2022-04-04T03:21:11","guid":{"rendered":"https:\/\/hansamatrix.com\/?page_id=3"},"modified":"2022-07-29T14:53:11","modified_gmt":"2022-07-29T11:53:11","slug":"privatuma-politika","status":"publish","type":"page","link":"https:\/\/hansamatrix.com\/lv\/privatuma-politika\/","title":{"rendered":"Priv\u0101tuma politika"},"content":{"rendered":"            <div id=\"\" class=\"js-nav-block margin-small \">\r\n            \r\n\r\n\r\n<div class=\"header-block\">\r\n    <div class=\"header-c\">\r\n        <div class=\"js-container-p5-header container-5p\" data-img-src=\"https:\/\/hansamatrix.com\/wp-content\/uploads\/2022\/04\/logo.jpg\"><\/div>\r\n        <div class=\"wrap max-width wrap-resp\">\r\n            <div class=\"header-row\">\r\n                <div class=\"header-title-col\">\r\n                    <h3>\r\n                        <div class=\"num\">01<\/div>\r\n                    <\/h3>\r\n                    <h1>\r\n                        M\u0101jaslapas apmekl\u0113t\u0101jiem                    <\/h1>\r\n                <\/div>\r\n                <div class=\"links-col\">\r\n                    <div class=\"links\">\r\n                                                    <a class=\"\" href=\"#politika\">\r\n                                Priv\u0101tuma politika                                <svg width=\"24\" height=\"24\" viewBox=\"0 0 24 24\" fill=\"none\" xmlns=\"http:\/\/www.w3.org\/2000\/svg\">\r\n                                    <path fill-rule=\"evenodd\" clip-rule=\"evenodd\" d=\"M6 3L6 5L12.9899 5L12.9899 16.172L10.4283 13.636L9 15.05L14 20L19 15.05L17.5717 13.636L15.0101 16.172L15.0101 3L15 3L12.9899 3L6 3Z\" fill=\"#030303\"\/>\r\n                                <\/svg>\r\n                            <\/a>\r\n                                                    <a class=\"\" href=\"#sikdatnes\">\r\n                                S\u012bkdatnes                                <svg width=\"24\" height=\"24\" viewBox=\"0 0 24 24\" fill=\"none\" xmlns=\"http:\/\/www.w3.org\/2000\/svg\">\r\n                                    <path fill-rule=\"evenodd\" clip-rule=\"evenodd\" d=\"M6 3L6 5L12.9899 5L12.9899 16.172L10.4283 13.636L9 15.05L14 20L19 15.05L17.5717 13.636L15.0101 16.172L15.0101 3L15 3L12.9899 3L6 3Z\" fill=\"#030303\"\/>\r\n                                <\/svg>\r\n                            <\/a>\r\n                                            <\/div>\r\n                <\/div>\r\n            <\/div>\r\n        <\/div>\r\n    <\/div>\r\n<\/div>\r\n        <\/div>\r\n    \n\n            <div id=\"politika\" class=\"js-nav-block margin-big \">\r\n            \r\n<div class=\"user-content-block max-width wrap wrap-resp\">\r\n    <div class=\"right-aligned-text-wrap\">\r\n        <div class=\"user-content\">\r\n            <h3>Priv\u0101tuma politikas m\u0113r\u0137is<\/h3>\n<p>Priv\u0101tuma politika paredz\u0113ta ar m\u0113r\u0137i sniegt datu subjektam inform\u0101ciju par nol\u016bku k\u0101d\u0101 HansaMatrix veic Personas datu apstr\u0101di, t\u0101s likumisko pamatu, apstr\u0101des apjomu un termi\u0146u, aizsardz\u012bbas pas\u0101kumiem, un datu subjekta ties\u012bb\u0101m saist\u012bb\u0101 ar personas datu apstr\u0101di, neatkar\u012bgi no t\u0101, k\u0101d\u0101 form\u0101 un\/vai vid\u0113 datu subjekts sniedzis personas datus (Vietn\u0113, pap\u012bra form\u0101t\u0101, kl\u0101tien\u0113, vai telefoniski).<\/p>\n<p><a class=\"button button--link\" href=\"https:\/\/hansamatrix.com\/wp-content\/uploads\/2022\/07\/Privatuma_politika_HansaMatrix-1.pdf\" target=\"_blank\" rel=\"noopener\">Apskat\u012bt priv\u0101tuma politiku<\/a><\/p>\n        <\/div>\r\n    <\/div>\r\n<\/div>\r\n        <\/div>\r\n    \n\n            <div id=\"sikdatnes\" class=\"js-nav-block margin-big \">\r\n            \r\n<div class=\"user-content-block max-width wrap wrap-resp\">\r\n    <div class=\"right-aligned-text-wrap\">\r\n        <div class=\"user-content\">\r\n            <h3>Si\u0304kdatn\u0327u lietos\u030cana<\/h3>\n<p>Akciju sabiedri\u0304bas \u201cHansaMatrix\u201d ti\u0304mekl\u0327a vietne\u0304 tiek izmantotas si\u0304kdatnes, lai personalize\u0304tu saturu un nodros\u030cina\u0304tu jums laba\u0304ku lietota\u0304ja pieredzi.<\/p>\n<p><a class=\"button button--link\" href=\"https:\/\/hansamatrix.com\/wp-content\/uploads\/2022\/07\/Si\u0304kdatnes_HansaMatrix-1.pdf\" target=\"_blank\" rel=\"noopener\">S\u012bkdat\u0146u politika<\/a><\/p>\n        <\/div>\r\n    <\/div>\r\n<\/div>\r\n        <\/div>\r\n    ","protected":false},"excerpt":{"rendered":"<p>Priv\u0101tuma politikas m\u0113r\u0137is Priv\u0101tuma politika paredz\u0113ta ar m\u0113r\u0137i sniegt datu subjektam inform\u0101ciju par nol\u016bku k\u0101d\u0101 HansaMatrix veic Personas datu apstr\u0101di, t\u0101s likumisko pamatu, apstr\u0101des apjomu un termi\u0146u, aizsardz\u012bbas pas\u0101kumiem, un datu subjekta ties\u012bb\u0101m saist\u012bb\u0101 ar personas datu apstr\u0101di, neatkar\u012bgi no t\u0101, k\u0101d\u0101 form\u0101 un\/vai vid\u0113 datu subjekts sniedzis personas datus&hellip;<\/p>\n","protected":false},"author":1,"featured_media":0,"parent":0,"menu_order":0,"comment_status":"closed","ping_status":"closed","template":"","meta":{"_acf_changed":false,"inline_featured_image":false,"footnotes":""},"class_list":["post-3","page","type-page","status-publish","hentry"],"acf":[],"yoast_head":"<!-- This site is optimized with the Yoast SEO plugin v26.3 - https:\/\/yoast.com\/wordpress\/plugins\/seo\/ -->\n<title>Priv\u0101tuma politika - Hansamatrix<\/title>\n<meta name=\"robots\" content=\"index, follow, max-snippet:-1, max-image-preview:large, max-video-preview:-1\" \/>\n<link rel=\"canonical\" href=\"https:\/\/hansamatrix.com\/lv\/privatuma-politika\/\" \/>\n<meta property=\"og:locale\" content=\"lv_LV\" \/>\n<meta property=\"og:type\" content=\"article\" \/>\n<meta property=\"og:title\" content=\"Priv\u0101tuma politika - Hansamatrix\" \/>\n<meta property=\"og:description\" content=\"Priv\u0101tuma politikas m\u0113r\u0137is Priv\u0101tuma politika paredz\u0113ta ar m\u0113r\u0137i sniegt datu subjektam inform\u0101ciju par nol\u016bku k\u0101d\u0101 HansaMatrix veic Personas datu apstr\u0101di, t\u0101s likumisko pamatu, apstr\u0101des apjomu un termi\u0146u, aizsardz\u012bbas pas\u0101kumiem, un datu subjekta ties\u012bb\u0101m saist\u012bb\u0101 ar personas datu apstr\u0101di, neatkar\u012bgi no t\u0101, k\u0101d\u0101 form\u0101 un\/vai vid\u0113 datu subjekts sniedzis personas datus&hellip;\" \/>\n<meta property=\"og:url\" content=\"https:\/\/hansamatrix.com\/lv\/privatuma-politika\/\" \/>\n<meta property=\"og:site_name\" content=\"Hansamatrix\" \/>\n<meta property=\"article:modified_time\" content=\"2022-07-29T11:53:11+00:00\" \/>\n<meta property=\"og:image\" content=\"https:\/\/hansamatrix.com\/wp-content\/uploads\/2022\/08\/Share_pic_hansa_en.jpg\" \/>\n\t<meta property=\"og:image:width\" content=\"1600\" \/>\n\t<meta property=\"og:image:height\" content=\"840\" \/>\n\t<meta property=\"og:image:type\" content=\"image\/jpeg\" \/>\n<meta name=\"twitter:card\" content=\"summary_large_image\" \/>\n<script type=\"application\/ld+json\" class=\"yoast-schema-graph\">{\"@context\":\"https:\/\/schema.org\",\"@graph\":[{\"@type\":\"WebPage\",\"@id\":\"https:\/\/hansamatrix.com\/lv\/privatuma-politika\/\",\"url\":\"https:\/\/hansamatrix.com\/lv\/privatuma-politika\/\",\"name\":\"Priv\u0101tuma politika - Hansamatrix\",\"isPartOf\":{\"@id\":\"https:\/\/hansamatrix.com\/#website\"},\"datePublished\":\"2022-04-04T03:21:11+00:00\",\"dateModified\":\"2022-07-29T11:53:11+00:00\",\"breadcrumb\":{\"@id\":\"https:\/\/hansamatrix.com\/lv\/privatuma-politika\/#breadcrumb\"},\"inLanguage\":\"lv-LV\",\"potentialAction\":[{\"@type\":\"ReadAction\",\"target\":[\"https:\/\/hansamatrix.com\/lv\/privatuma-politika\/\"]}]},{\"@type\":\"BreadcrumbList\",\"@id\":\"https:\/\/hansamatrix.com\/lv\/privatuma-politika\/#breadcrumb\",\"itemListElement\":[{\"@type\":\"ListItem\",\"position\":1,\"name\":\"Home\",\"item\":\"https:\/\/hansamatrix.com\/lv\/\"},{\"@type\":\"ListItem\",\"position\":2,\"name\":\"Priv\u0101tuma politika\"}]},{\"@type\":\"WebSite\",\"@id\":\"https:\/\/hansamatrix.com\/#website\",\"url\":\"https:\/\/hansamatrix.com\/\",\"name\":\"Hansamatrix\",\"description\":\"\",\"potentialAction\":[{\"@type\":\"SearchAction\",\"target\":{\"@type\":\"EntryPoint\",\"urlTemplate\":\"https:\/\/hansamatrix.com\/?s={search_term_string}\"},\"query-input\":{\"@type\":\"PropertyValueSpecification\",\"valueRequired\":true,\"valueName\":\"search_term_string\"}}],\"inLanguage\":\"lv-LV\"}]}<\/script>\n<!-- \/ Yoast SEO plugin. -->","yoast_head_json":{"title":"Priv\u0101tuma politika - Hansamatrix","robots":{"index":"index","follow":"follow","max-snippet":"max-snippet:-1","max-image-preview":"max-image-preview:large","max-video-preview":"max-video-preview:-1"},"canonical":"https:\/\/hansamatrix.com\/lv\/privatuma-politika\/","og_locale":"lv_LV","og_type":"article","og_title":"Priv\u0101tuma politika - Hansamatrix","og_description":"Priv\u0101tuma politikas m\u0113r\u0137is Priv\u0101tuma politika paredz\u0113ta ar m\u0113r\u0137i sniegt datu subjektam inform\u0101ciju par nol\u016bku k\u0101d\u0101 HansaMatrix veic Personas datu apstr\u0101di, t\u0101s likumisko pamatu, apstr\u0101des apjomu un termi\u0146u, aizsardz\u012bbas pas\u0101kumiem, un datu subjekta ties\u012bb\u0101m saist\u012bb\u0101 ar personas datu apstr\u0101di, neatkar\u012bgi no t\u0101, k\u0101d\u0101 form\u0101 un\/vai vid\u0113 datu subjekts sniedzis personas datus&hellip;","og_url":"https:\/\/hansamatrix.com\/lv\/privatuma-politika\/","og_site_name":"Hansamatrix","article_modified_time":"2022-07-29T11:53:11+00:00","og_image":[{"width":1600,"height":840,"url":"https:\/\/hansamatrix.com\/wp-content\/uploads\/2022\/08\/Share_pic_hansa_en.jpg","type":"image\/jpeg"}],"twitter_card":"summary_large_image","schema":{"@context":"https:\/\/schema.org","@graph":[{"@type":"WebPage","@id":"https:\/\/hansamatrix.com\/lv\/privatuma-politika\/","url":"https:\/\/hansamatrix.com\/lv\/privatuma-politika\/","name":"Priv\u0101tuma politika - Hansamatrix","isPartOf":{"@id":"https:\/\/hansamatrix.com\/#website"},"datePublished":"2022-04-04T03:21:11+00:00","dateModified":"2022-07-29T11:53:11+00:00","breadcrumb":{"@id":"https:\/\/hansamatrix.com\/lv\/privatuma-politika\/#breadcrumb"},"inLanguage":"lv-LV","potentialAction":[{"@type":"ReadAction","target":["https:\/\/hansamatrix.com\/lv\/privatuma-politika\/"]}]},{"@type":"BreadcrumbList","@id":"https:\/\/hansamatrix.com\/lv\/privatuma-politika\/#breadcrumb","itemListElement":[{"@type":"ListItem","position":1,"name":"Home","item":"https:\/\/hansamatrix.com\/lv\/"},{"@type":"ListItem","position":2,"name":"Priv\u0101tuma politika"}]},{"@type":"WebSite","@id":"https:\/\/hansamatrix.com\/#website","url":"https:\/\/hansamatrix.com\/","name":"Hansamatrix","description":"","potentialAction":[{"@type":"SearchAction","target":{"@type":"EntryPoint","urlTemplate":"https:\/\/hansamatrix.com\/?s={search_term_string}"},"query-input":{"@type":"PropertyValueSpecification","valueRequired":true,"valueName":"search_term_string"}}],"inLanguage":"lv-LV"}]}},"_links":{"self":[{"href":"https:\/\/hansamatrix.com\/lv\/wp-json\/wp\/v2\/pages\/3","targetHints":{"allow":["GET"]}}],"collection":[{"href":"https:\/\/hansamatrix.com\/lv\/wp-json\/wp\/v2\/pages"}],"about":[{"href":"https:\/\/hansamatrix.com\/lv\/wp-json\/wp\/v2\/types\/page"}],"author":[{"embeddable":true,"href":"https:\/\/hansamatrix.com\/lv\/wp-json\/wp\/v2\/users\/1"}],"replies":[{"embeddable":true,"href":"https:\/\/hansamatrix.com\/lv\/wp-json\/wp\/v2\/comments?post=3"}],"version-history":[{"count":3,"href":"https:\/\/hansamatrix.com\/lv\/wp-json\/wp\/v2\/pages\/3\/revisions"}],"predecessor-version":[{"id":3666,"href":"https:\/\/hansamatrix.com\/lv\/wp-json\/wp\/v2\/pages\/3\/revisions\/3666"}],"wp:attachment":[{"href":"https:\/\/hansamatrix.com\/lv\/wp-json\/wp\/v2\/media?parent=3"}],"curies":[{"name":"wp","href":"https:\/\/api.w.org\/{rel}","templated":true}]}}