{"id":6175,"date":"2022-04-05T08:08:55","date_gmt":"2022-04-05T05:08:55","guid":{"rendered":"https:\/\/hansamatrix.com\/for-suppliers\/"},"modified":"2025-09-04T10:25:42","modified_gmt":"2025-09-04T07:25:42","slug":"for-suppliers","status":"publish","type":"page","link":"https:\/\/hansamatrix.com\/fi\/for-suppliers\/","title":{"rendered":"Toimittajille"},"content":{"rendered":"            <div id=\"\" class=\"js-nav-block margin-none \">\r\n            \r\n\r\n\r\n<div class=\"header-block\">\r\n    <div class=\"header-c\">\r\n        <div class=\"js-container-p5-header container-5p\" data-img-src=\"https:\/\/hansamatrix.com\/wp-content\/uploads\/2022\/04\/logo.jpg\"><\/div>\r\n        <div class=\"wrap max-width wrap-resp\">\r\n            <div class=\"header-row\">\r\n                <div class=\"header-title-col\">\r\n                    <h3>\r\n                        <div class=\"num\">01<\/div>\r\n                    <\/h3>\r\n                    <h1>\r\n                        Haluatteko toimittajaksemme?                    <\/h1>\r\n                <\/div>\r\n                <div class=\"links-col\">\r\n                    <div class=\"links\">\r\n                                                    <a class=\"\" href=\"#terms\">\r\n                                Toimittajayhteisty\u00f6n ehdot                                <svg width=\"24\" height=\"24\" viewBox=\"0 0 24 24\" fill=\"none\" xmlns=\"http:\/\/www.w3.org\/2000\/svg\">\r\n                                    <path fill-rule=\"evenodd\" clip-rule=\"evenodd\" d=\"M6 3L6 5L12.9899 5L12.9899 16.172L10.4283 13.636L9 15.05L14 20L19 15.05L17.5717 13.636L15.0101 16.172L15.0101 3L15 3L12.9899 3L6 3Z\" fill=\"#030303\"\/>\r\n                                <\/svg>\r\n                            <\/a>\r\n                                                    <a class=\"\" href=\"#become-our-supplier\">\r\n                                TULE TOIMITTAJAKSEMME!                                <svg width=\"24\" height=\"24\" viewBox=\"0 0 24 24\" fill=\"none\" xmlns=\"http:\/\/www.w3.org\/2000\/svg\">\r\n                                    <path fill-rule=\"evenodd\" clip-rule=\"evenodd\" d=\"M6 3L6 5L12.9899 5L12.9899 16.172L10.4283 13.636L9 15.05L14 20L19 15.05L17.5717 13.636L15.0101 16.172L15.0101 3L15 3L12.9899 3L6 3Z\" fill=\"#030303\"\/>\r\n                                <\/svg>\r\n                            <\/a>\r\n                                            <\/div>\r\n                <\/div>\r\n            <\/div>\r\n        <\/div>\r\n    <\/div>\r\n<\/div>\r\n        <\/div>\r\n    \n\n            <div id=\"\" class=\"js-nav-block margin-none \">\r\n            \n\n<div class=\"wrap-resp wrap max-width breadcrumbs-block\">\n    <div class=\"breadcrumbs-desktop\">\n        \n    <div class=\"breadcrumbs\">\n        <a href=\"https:\/\/hansamatrix.com\/fi\/\" class=\"el\">Kotivalikko<\/a>\n\n        \n            \n                            <div class=\"el current\">Toimittajille<\/div>\n            \n        \n    <\/div>\n\n        <\/div>\n    <div class=\"breadcrumbs-resp\">\n        <a href=\"https:\/\/hansamatrix.com\/fi\/\" class=\"arrow-col\">\n            <svg width=\"44\" height=\"44\" viewBox=\"0 0 44 44\" fill=\"none\" xmlns=\"http:\/\/www.w3.org\/2000\/svg\">\n                <circle cx=\"22\" cy=\"22\" r=\"21\" stroke=\"#AAAAAA\"\/>\n                <path fill-rule=\"evenodd\" clip-rule=\"evenodd\" d=\"M31 15H29V21.9899H17.828L20.364 19.4283L18.95 18L14 23L18.95 28L20.364 26.5717L17.828 24.0101H31V24V21.9899V15Z\" fill=\"#030303\"\/>\n            <\/svg>\n        <\/a>\n\n        <div class=\"title-col\">\n                            <a href=\"https:\/\/hansamatrix.com\/fi\/\">Kotivalikko<\/a>\n                    <\/div>\n    <\/div>\n<\/div>\n        <\/div>\r\n    \n\n            <div id=\"\" class=\"js-nav-block margin-small \">\r\n            \r\n<div class=\"user-content-block max-width wrap wrap-resp\">\r\n    <div class=\"right-aligned-text-wrap\">\r\n        <div class=\"user-content\">\r\n            <div class=\"subtitle\">\n<p>TOIMITTAJAYHTEISTY\u00d6N EHDOT<\/p>\n<\/div>\n<h3>Molempia osapuolia hy\u00f6dytt\u00e4v\u00e4 ja luotettava yhteisty\u00f6<\/h3>\n<p>HansaMatrix pyrkii rakentamaan yhteisty\u00f6ss\u00e4 toimittajien kanssa l\u00e4heisi\u00e4 kumppanuuksia, joissa tilaukset hoidetaan ja toimitukset t\u00e4ytet\u00e4\u00e4n vakaasti ja luotettavasti. Materiaalien\/palvelun laatu on aina etusijalla, sill\u00e4 vain n\u00e4in voimme tarjota asiakkaillemme kansainv\u00e4liset standardit t\u00e4ytt\u00e4vi\u00e4 tuotteita.<\/p>\n<ul>\n<li>HansaMatrix perustaa toimintansa kest\u00e4v\u00e4\u00e4nkehitykseen sek\u00e4 ymp\u00e4rist\u00f6\u00e4, yhteiskuntavastuuta ja hyv\u00e4\u00e4 hallintotapaa koskeviin periaatteisiin. Korkeiden standardiemme mukaisesti odotamme my\u00f6s kumppaneidemme noudattavan liiketoimintak\u00e4yt\u00e4nt\u00f6j\u00e4mme.<\/li>\n<li>Yhteisty\u00f6ss\u00e4 noudatetaan tiukasti soveltuvia lakiin ja m\u00e4\u00e4r\u00e4yksiin perustuvia vaatimuksia sek\u00e4 HansaMatrix:n yhteisty\u00f6s\u00e4\u00e4nt\u00f6j\u00e4.<\/li>\n<li>Toimittaja kantaa t\u00e4yden vastuun tuotteidensa laadusta ja toimittaa kaikki tarvittavat sertifikaatit sek\u00e4 hoitaa niihin liittyv\u00e4t sertifioinnit.<\/li>\n<\/ul>\n<p><a class=\"button button--link\" href=\"#popup-suppliers-form-popup\">Hae yhteisty\u00f6kumppaniksi<\/a><\/p>\n        <\/div>\r\n    <\/div>\r\n<\/div>\r\n        <\/div>\r\n    \n\n            <div id=\"terms\" class=\"js-nav-block margin-big \">\r\n            \r\n\r\n<div class=\"media-and-content-block wrap-resp wrap max-width\">\r\n\r\n    <div class=\"row block-row\">\r\n        <div class=\"visual-col col-12 col-1200-8\">\r\n\r\n            \r\n                <div class=\"image-c\">\r\n                    <div class=\"image\">\r\n                        <img decoding=\"async\" class=\"lazy img-grey-bg\"  data-img-small=\"https:\/\/hansamatrix.com\/wp-content\/uploads\/2022\/07\/Detalas_0452_NZ6_6893-1-768x443.jpg\" data-img-medium=\"https:\/\/hansamatrix.com\/wp-content\/uploads\/2022\/07\/Detalas_0452_NZ6_6893-1-1024x590.jpg\" data-img-src=\"https:\/\/hansamatrix.com\/wp-content\/uploads\/2022\/07\/Detalas_0452_NZ6_6893-1.jpg\" alt=\"HansaMatrix manufacturing site photo\" src=\"https:\/\/hansamatrix.com\/wp-content\/themes\/hansamatrix\/assets\/img\/lazy-img.jpg\"  >\r\n                    <\/div>\r\n                <\/div>\r\n\r\n            \r\n\r\n\r\n        <\/div>\r\n\r\n\r\n        <div class=\"content-col col-12 col-1200-4\">\r\n            <div class=\"user-content grey-text\" data-speed=\"1.1\">\r\n                <p>Tutustu HansaMatrixin toimittajayhteisty\u00f6n ehtoihin.<\/p>\n\r\n                <!-- Stock Information -->\r\n                                                    \r\n                <!-- Orange links-->\r\n                <!--  File Link repeater-->\r\n\r\n    <div class=\"links-to-pages\">\r\n        \r\n            <div class=\"links-cat\">\r\n\r\n                \r\n                <div class=\"links-c\">\r\n\r\n                    \r\n                        \r\n                            <a class=\"link js-add-class-when-in-screen\"\r\n                               data-add-class=\"active\"\r\n                               data-screen-offset=\"100\"\r\n                               data-screen-pos=\"bottom\"\r\n                               href=\"https:\/\/hansamatrix.com\/wp-content\/uploads\/2022\/06\/COC.pdf\"\r\n                               target=\"_blank\"\r\n                            >\r\n                                Toimittajan ohjeet\r\n                                <svg width=\"7\" height=\"11\" viewBox=\"0 0 7 11\" fill=\"none\" xmlns=\"http:\/\/www.w3.org\/2000\/svg\">\r\n                                    <path d=\"M3.5 5.5L0 1.83L1.75 0L7 5.5L1.75 11L0 9.17L3.5 5.5Z\"\/>\r\n                                <\/svg>\r\n                            <\/a>\r\n\r\n                        \r\n                        \r\n                        \r\n                    \r\n                <\/div>\r\n\r\n            <\/div>\r\n\r\n            <\/div>\r\n\r\n\r\n\r\n                <!-- CTA button -->\r\n                \r\n            <\/div>\r\n        <\/div>\r\n    <\/div>\r\n\r\n\r\n    \r\n<\/div>\r\n\r\n\r\n        <\/div>\r\n    \n\n            <div id=\"become-our-supplier\" class=\"js-nav-block margin-small \">\r\n            \r\n<div class=\"user-content-block max-width wrap wrap-resp\">\r\n    <div class=\"right-aligned-text-wrap\">\r\n        <div class=\"user-content\">\r\n            <div class=\"subtitle\">\n<p>TULE TOIMITTAJAKSEMME!<\/p>\n<\/div>\n<h3>Kuinka HansaMatrixin toimittajaksi p\u00e4\u00e4see?<\/h3>\n<p>Toimittajilla on keskeinen rooli liiketoimintamme menestyksekk\u00e4\u00e4ss\u00e4 kasvussa. Vaalimme hyvi\u00e4 suhteita olemassa oleviin toimittajiin ja etsimme jatkuvasti uusia kumppaneita vastaamaan globaaleihin tarpeisiimme. Jos olet kiinnostunut aloittamaan kumppanuuden HansaMatrixin toimittajana, lue yll\u00e4 olevat yhteisty\u00f6n ehdot ja t\u00e4yt\u00e4 hakulomake.<\/p>\n<p>Lomakkeen l\u00e4hett\u00e4minen ei takaa, ett\u00e4 yrityksest\u00e4nne tulee HansaMatrixin toimittaja, mutta sen kautta annat meille tietoja yrityksenne kokemuksen, p\u00e4tevyyden ja tarjouksen arvioimiseksi.<\/p>\n<h5>Kolme askelta onnistuneeseen yhteisty\u00f6h\u00f6n:<\/h5>\n<ol>\n<li>Verkkohakemuksen l\u00e4hett\u00e4minen<\/li>\n<li>Mahdollisten tavarantoimittajien taustatietojentarkistus kansainv\u00e4listen tietokantojen avulla<\/li>\n<li>HansaMatrixin yhteydenotto potentiaalisen toimittajan puoleen s\u00e4hk\u00f6postitse tai puhelimitse<\/li>\n<\/ol>\n<p><a class=\"button button--link\" href=\"#popup-suppliers-form-popup\">T\u00e4yt\u00e4 yhteisty\u00f6hakemus<\/a><\/p>\n        <\/div>\r\n    <\/div>\r\n<\/div>\r\n        <\/div>\r\n    \n\n            <div id=\"\" class=\"js-nav-block margin-big \">\r\n            \r\n\r\n<div class=\"media-and-content-block wrap-resp wrap max-width\">\r\n\r\n    <div class=\"row block-row\">\r\n        <div class=\"visual-col col-12 col-1200-8\">\r\n\r\n            \r\n                <div class=\"image-c\">\r\n                    <div class=\"image\">\r\n                        <img decoding=\"async\" class=\"lazy img-grey-bg\"  data-img-small=\"https:\/\/hansamatrix.com\/wp-content\/uploads\/2022\/07\/Noliktava_0075_Z72_7661-1-768x443.jpg\" data-img-medium=\"https:\/\/hansamatrix.com\/wp-content\/uploads\/2022\/07\/Noliktava_0075_Z72_7661-1-1024x590.jpg\" data-img-src=\"https:\/\/hansamatrix.com\/wp-content\/uploads\/2022\/07\/Noliktava_0075_Z72_7661-1.jpg\" alt=\"HansaMatrix warehouse picture\" src=\"https:\/\/hansamatrix.com\/wp-content\/themes\/hansamatrix\/assets\/img\/lazy-img.jpg\"  >\r\n                    <\/div>\r\n                <\/div>\r\n\r\n            \r\n\r\n\r\n        <\/div>\r\n\r\n\r\n        <div class=\"content-col col-12 col-1200-4\">\r\n            <div class=\"user-content grey-text\" data-speed=\"1.1\">\r\n                \r\n                <!-- Stock Information -->\r\n                                                    \r\n                <!-- Orange links-->\r\n                <!--  File Link repeater-->\r\n\r\n\r\n                <!-- CTA button -->\r\n                \r\n            <\/div>\r\n        <\/div>\r\n    <\/div>\r\n\r\n\r\n    \r\n<\/div>\r\n\r\n\r\n        <\/div>\r\n    ","protected":false},"excerpt":{"rendered":"<p>TOIMITTAJAYHTEISTY\u00d6N EHDOT Molempia osapuolia hy\u00f6dytt\u00e4v\u00e4 ja luotettava yhteisty\u00f6 HansaMatrix pyrkii rakentamaan yhteisty\u00f6ss\u00e4 toimittajien kanssa l\u00e4heisi\u00e4 kumppanuuksia, joissa tilaukset hoidetaan ja toimitukset t\u00e4ytet\u00e4\u00e4n vakaasti ja luotettavasti. Materiaalien\/palvelun laatu on aina etusijalla, sill\u00e4 vain n\u00e4in voimme tarjota asiakkaillemme kansainv\u00e4liset standardit t\u00e4ytt\u00e4vi\u00e4 tuotteita. HansaMatrix perustaa toimintansa kest\u00e4v\u00e4\u00e4nkehitykseen sek\u00e4 ymp\u00e4rist\u00f6\u00e4, yhteiskuntavastuuta ja hyv\u00e4\u00e4 hallintotapaa&hellip;<\/p>\n","protected":false},"author":1,"featured_media":0,"parent":0,"menu_order":0,"comment_status":"closed","ping_status":"closed","template":"","meta":{"_acf_changed":false,"inline_featured_image":false,"footnotes":""},"class_list":["post-6175","page","type-page","status-publish","hentry"],"acf":[],"yoast_head":"<!-- This site is optimized with the Yoast SEO plugin v26.3 - https:\/\/yoast.com\/wordpress\/plugins\/seo\/ -->\n<title>Toimittajille - Hansamatrix<\/title>\n<meta name=\"robots\" content=\"index, follow, max-snippet:-1, max-image-preview:large, max-video-preview:-1\" \/>\n<link rel=\"canonical\" href=\"https:\/\/hansamatrix.com\/fi\/for-suppliers\/\" \/>\n<meta property=\"og:locale\" content=\"fi_FI\" \/>\n<meta property=\"og:type\" content=\"article\" \/>\n<meta property=\"og:title\" content=\"Toimittajille - Hansamatrix\" \/>\n<meta property=\"og:description\" content=\"TOIMITTAJAYHTEISTY\u00d6N EHDOT Molempia osapuolia hy\u00f6dytt\u00e4v\u00e4 ja luotettava yhteisty\u00f6 HansaMatrix pyrkii rakentamaan yhteisty\u00f6ss\u00e4 toimittajien kanssa l\u00e4heisi\u00e4 kumppanuuksia, joissa tilaukset hoidetaan ja toimitukset t\u00e4ytet\u00e4\u00e4n vakaasti ja luotettavasti. Materiaalien\/palvelun laatu on aina etusijalla, sill\u00e4 vain n\u00e4in voimme tarjota asiakkaillemme kansainv\u00e4liset standardit t\u00e4ytt\u00e4vi\u00e4 tuotteita. HansaMatrix perustaa toimintansa kest\u00e4v\u00e4\u00e4nkehitykseen sek\u00e4 ymp\u00e4rist\u00f6\u00e4, yhteiskuntavastuuta ja hyv\u00e4\u00e4 hallintotapaa&hellip;\" \/>\n<meta property=\"og:url\" content=\"https:\/\/hansamatrix.com\/fi\/for-suppliers\/\" \/>\n<meta property=\"og:site_name\" content=\"Hansamatrix\" \/>\n<meta property=\"article:modified_time\" content=\"2025-09-04T07:25:42+00:00\" \/>\n<meta property=\"og:image\" content=\"https:\/\/hansamatrix.com\/wp-content\/uploads\/2022\/08\/Share_pic_hansa_en.jpg\" \/>\n\t<meta property=\"og:image:width\" content=\"1600\" \/>\n\t<meta property=\"og:image:height\" content=\"840\" \/>\n\t<meta property=\"og:image:type\" content=\"image\/jpeg\" \/>\n<meta name=\"twitter:card\" content=\"summary_large_image\" \/>\n<script type=\"application\/ld+json\" class=\"yoast-schema-graph\">{\"@context\":\"https:\/\/schema.org\",\"@graph\":[{\"@type\":\"WebPage\",\"@id\":\"https:\/\/hansamatrix.com\/fi\/for-suppliers\/\",\"url\":\"https:\/\/hansamatrix.com\/fi\/for-suppliers\/\",\"name\":\"Toimittajille - Hansamatrix\",\"isPartOf\":{\"@id\":\"https:\/\/hansamatrix.com\/#website\"},\"datePublished\":\"2022-04-05T05:08:55+00:00\",\"dateModified\":\"2025-09-04T07:25:42+00:00\",\"breadcrumb\":{\"@id\":\"https:\/\/hansamatrix.com\/fi\/for-suppliers\/#breadcrumb\"},\"inLanguage\":\"fi\",\"potentialAction\":[{\"@type\":\"ReadAction\",\"target\":[\"https:\/\/hansamatrix.com\/fi\/for-suppliers\/\"]}]},{\"@type\":\"BreadcrumbList\",\"@id\":\"https:\/\/hansamatrix.com\/fi\/for-suppliers\/#breadcrumb\",\"itemListElement\":[{\"@type\":\"ListItem\",\"position\":1,\"name\":\"Home\",\"item\":\"https:\/\/hansamatrix.com\/fi\/\"},{\"@type\":\"ListItem\",\"position\":2,\"name\":\"Toimittajille\"}]},{\"@type\":\"WebSite\",\"@id\":\"https:\/\/hansamatrix.com\/#website\",\"url\":\"https:\/\/hansamatrix.com\/\",\"name\":\"Hansamatrix\",\"description\":\"\",\"potentialAction\":[{\"@type\":\"SearchAction\",\"target\":{\"@type\":\"EntryPoint\",\"urlTemplate\":\"https:\/\/hansamatrix.com\/?s={search_term_string}\"},\"query-input\":{\"@type\":\"PropertyValueSpecification\",\"valueRequired\":true,\"valueName\":\"search_term_string\"}}],\"inLanguage\":\"fi\"}]}<\/script>\n<!-- \/ Yoast SEO plugin. -->","yoast_head_json":{"title":"Toimittajille - Hansamatrix","robots":{"index":"index","follow":"follow","max-snippet":"max-snippet:-1","max-image-preview":"max-image-preview:large","max-video-preview":"max-video-preview:-1"},"canonical":"https:\/\/hansamatrix.com\/fi\/for-suppliers\/","og_locale":"fi_FI","og_type":"article","og_title":"Toimittajille - Hansamatrix","og_description":"TOIMITTAJAYHTEISTY\u00d6N EHDOT Molempia osapuolia hy\u00f6dytt\u00e4v\u00e4 ja luotettava yhteisty\u00f6 HansaMatrix pyrkii rakentamaan yhteisty\u00f6ss\u00e4 toimittajien kanssa l\u00e4heisi\u00e4 kumppanuuksia, joissa tilaukset hoidetaan ja toimitukset t\u00e4ytet\u00e4\u00e4n vakaasti ja luotettavasti. Materiaalien\/palvelun laatu on aina etusijalla, sill\u00e4 vain n\u00e4in voimme tarjota asiakkaillemme kansainv\u00e4liset standardit t\u00e4ytt\u00e4vi\u00e4 tuotteita. HansaMatrix perustaa toimintansa kest\u00e4v\u00e4\u00e4nkehitykseen sek\u00e4 ymp\u00e4rist\u00f6\u00e4, yhteiskuntavastuuta ja hyv\u00e4\u00e4 hallintotapaa&hellip;","og_url":"https:\/\/hansamatrix.com\/fi\/for-suppliers\/","og_site_name":"Hansamatrix","article_modified_time":"2025-09-04T07:25:42+00:00","og_image":[{"width":1600,"height":840,"url":"https:\/\/hansamatrix.com\/wp-content\/uploads\/2022\/08\/Share_pic_hansa_en.jpg","type":"image\/jpeg"}],"twitter_card":"summary_large_image","schema":{"@context":"https:\/\/schema.org","@graph":[{"@type":"WebPage","@id":"https:\/\/hansamatrix.com\/fi\/for-suppliers\/","url":"https:\/\/hansamatrix.com\/fi\/for-suppliers\/","name":"Toimittajille - Hansamatrix","isPartOf":{"@id":"https:\/\/hansamatrix.com\/#website"},"datePublished":"2022-04-05T05:08:55+00:00","dateModified":"2025-09-04T07:25:42+00:00","breadcrumb":{"@id":"https:\/\/hansamatrix.com\/fi\/for-suppliers\/#breadcrumb"},"inLanguage":"fi","potentialAction":[{"@type":"ReadAction","target":["https:\/\/hansamatrix.com\/fi\/for-suppliers\/"]}]},{"@type":"BreadcrumbList","@id":"https:\/\/hansamatrix.com\/fi\/for-suppliers\/#breadcrumb","itemListElement":[{"@type":"ListItem","position":1,"name":"Home","item":"https:\/\/hansamatrix.com\/fi\/"},{"@type":"ListItem","position":2,"name":"Toimittajille"}]},{"@type":"WebSite","@id":"https:\/\/hansamatrix.com\/#website","url":"https:\/\/hansamatrix.com\/","name":"Hansamatrix","description":"","potentialAction":[{"@type":"SearchAction","target":{"@type":"EntryPoint","urlTemplate":"https:\/\/hansamatrix.com\/?s={search_term_string}"},"query-input":{"@type":"PropertyValueSpecification","valueRequired":true,"valueName":"search_term_string"}}],"inLanguage":"fi"}]}},"_links":{"self":[{"href":"https:\/\/hansamatrix.com\/fi\/wp-json\/wp\/v2\/pages\/6175","targetHints":{"allow":["GET"]}}],"collection":[{"href":"https:\/\/hansamatrix.com\/fi\/wp-json\/wp\/v2\/pages"}],"about":[{"href":"https:\/\/hansamatrix.com\/fi\/wp-json\/wp\/v2\/types\/page"}],"author":[{"embeddable":true,"href":"https:\/\/hansamatrix.com\/fi\/wp-json\/wp\/v2\/users\/1"}],"replies":[{"embeddable":true,"href":"https:\/\/hansamatrix.com\/fi\/wp-json\/wp\/v2\/comments?post=6175"}],"version-history":[{"count":3,"href":"https:\/\/hansamatrix.com\/fi\/wp-json\/wp\/v2\/pages\/6175\/revisions"}],"predecessor-version":[{"id":7158,"href":"https:\/\/hansamatrix.com\/fi\/wp-json\/wp\/v2\/pages\/6175\/revisions\/7158"}],"wp:attachment":[{"href":"https:\/\/hansamatrix.com\/fi\/wp-json\/wp\/v2\/media?parent=6175"}],"curies":[{"name":"wp","href":"https:\/\/api.w.org\/{rel}","templated":true}]}}